{"id":676,"date":"2026-05-15T14:35:29","date_gmt":"2026-05-15T14:35:29","guid":{"rendered":"https:\/\/expo-finance.com\/?page_id=676"},"modified":"2026-05-15T15:01:53","modified_gmt":"2026-05-15T15:01:53","slug":"onze-credits","status":"publish","type":"page","link":"https:\/\/expo-finance.com\/?page_id=676","title":{"rendered":"ONZE CREDITS"},"content":{"rendered":"\t\t<div data-elementor-type=\"wp-page\" data-elementor-id=\"676\" class=\"elementor elementor-676\" data-elementor-post-type=\"page\">\n\t\t\t\t<div class=\"elementor-element elementor-element-38d666bf e-con-full e-flex e-con e-parent\" data-id=\"38d666bf\" data-element_type=\"container\" data-e-type=\"container\" data-settings=\"{&quot;background_background&quot;:&quot;classic&quot;,&quot;shape_divider_bottom&quot;:&quot;tilt&quot;}\">\n\t\t\t\t<div class=\"elementor-shape elementor-shape-bottom\" aria-hidden=\"true\" data-negative=\"false\">\n\t\t\t<svg xmlns=\"http:\/\/www.w3.org\/2000\/svg\" viewBox=\"0 0 1000 100\" preserveAspectRatio=\"none\">\n\t<path class=\"elementor-shape-fill\" d=\"M0,6V0h1000v100L0,6z\"\/>\n<\/svg>\t\t<\/div>\n\t\t\t\t<div class=\"elementor-element elementor-element-2bc25d4e elementor-widget elementor-widget-heading\" data-id=\"2bc25d4e\" data-element_type=\"widget\" data-e-type=\"widget\" data-widget_type=\"heading.default\">\n\t\t\t\t\t<h2 class=\"elementor-heading-title elementor-size-default\">ONZE CREDITS\n<\/h2>\t\t\t\t<\/div>\n\t\t\t\t<\/div>\n\t\t<div class=\"elementor-element elementor-element-2433a1a6 e-flex e-con-boxed e-con e-parent\" data-id=\"2433a1a6\" data-element_type=\"container\" data-e-type=\"container\">\n\t\t\t\t\t<div class=\"e-con-inner\">\n\t\t<div class=\"elementor-element elementor-element-179df4d5 e-con-full e-flex e-con e-child\" data-id=\"179df4d5\" data-element_type=\"container\" data-e-type=\"container\">\n\t\t\t\t<div class=\"elementor-element elementor-element-6e85fb4 elementor-widget elementor-widget-image\" data-id=\"6e85fb4\" data-element_type=\"widget\" data-e-type=\"widget\" data-widget_type=\"image.default\">\n\t\t\t\t\t\t\t\t\t\t\t\t\t\t\t<img fetchpriority=\"high\" decoding=\"async\" width=\"209\" height=\"300\" src=\"https:\/\/expo-finance.com\/wp-content\/uploads\/2026\/05\/lethique-professionn-Photoroom-712x1024-1-209x300.png\" class=\"attachment-medium size-medium wp-image-681\" alt=\"\" srcset=\"https:\/\/expo-finance.com\/wp-content\/uploads\/2026\/05\/lethique-professionn-Photoroom-712x1024-1-209x300.png 209w, https:\/\/expo-finance.com\/wp-content\/uploads\/2026\/05\/lethique-professionn-Photoroom-712x1024-1.png 712w\" sizes=\"(max-width: 209px) 100vw, 209px\" \/>\t\t\t\t\t\t\t\t\t\t\t\t\t\t\t<\/div>\n\t\t\t\t<\/div>\n\t\t<div class=\"elementor-element elementor-element-250ec8c5 e-con-full e-flex e-con e-child\" data-id=\"250ec8c5\" data-element_type=\"container\" data-e-type=\"container\">\n\t\t\t\t<div class=\"elementor-element elementor-element-48a1dc47 elementor-widget elementor-widget-heading\" data-id=\"48a1dc47\" data-element_type=\"widget\" data-e-type=\"widget\" data-widget_type=\"heading.default\">\n\t\t\t\t\t<h2 class=\"elementor-heading-title elementor-size-default\">Oplossingen op maat, afgestemd op uw behoeften.<\/h2>\t\t\t\t<\/div>\n\t\t\t\t<div class=\"elementor-element elementor-element-c4ee33a elementor-widget elementor-widget-text-editor\" data-id=\"c4ee33a\" data-element_type=\"widget\" data-e-type=\"widget\" data-widget_type=\"text-editor.default\">\n\t\t\t\t\t\t\t\t\t<p>Bij EXPO FINANCE bieden we flexibele leningen op maat voor elke financi\u00eble situatie. Of u nu een persoonlijk project wilt financieren, een woning wilt kopen of uw bedrijf wilt laten groeien, wij hebben de oplossing die u nodig heeft.<\/p>\t\t\t\t\t\t\t\t<\/div>\n\t\t\t\t<div class=\"elementor-element elementor-element-3ad37d65 elementor-widget elementor-widget-button\" data-id=\"3ad37d65\" data-element_type=\"widget\" data-e-type=\"widget\" data-widget_type=\"button.default\">\n\t\t\t\t\t\t\t\t\t\t<a class=\"elementor-button elementor-button-link elementor-size-sm\" href=\"#\">\n\t\t\t\t\t\t<span class=\"elementor-button-content-wrapper\">\n\t\t\t\t\t\t\t\t\t<span class=\"elementor-button-text\">Een lening verkrijgen<\/span>\n\t\t\t\t\t<\/span>\n\t\t\t\t\t<\/a>\n\t\t\t\t\t\t\t\t<\/div>\n\t\t\t\t<\/div>\n\t\t\t\t\t<\/div>\n\t\t\t\t<\/div>\n\t\t<div class=\"elementor-element elementor-element-2a08e90 e-flex e-con-boxed e-con e-parent\" data-id=\"2a08e90\" data-element_type=\"container\" data-e-type=\"container\">\n\t\t\t\t\t<div class=\"e-con-inner\">\n\t\t\t\t<div class=\"elementor-element elementor-element-c94cdca elementor-widget elementor-widget-heading\" data-id=\"c94cdca\" data-element_type=\"widget\" data-e-type=\"widget\" data-widget_type=\"heading.default\">\n\t\t\t\t\t<h2 class=\"elementor-heading-title elementor-size-default\">Onze kredietvormen<\/h2>\t\t\t\t<\/div>\n\t\t\t\t\t<\/div>\n\t\t\t\t<\/div>\n\t\t<div class=\"elementor-element elementor-element-326ecfd e-flex e-con-boxed e-con e-parent\" data-id=\"326ecfd\" data-element_type=\"container\" data-e-type=\"container\">\n\t\t\t\t\t<div class=\"e-con-inner\">\n\t\t<div class=\"elementor-element elementor-element-ab4ae9f e-con-full e-flex e-con e-child\" data-id=\"ab4ae9f\" data-element_type=\"container\" data-e-type=\"container\">\n\t\t\t\t<div class=\"elementor-element elementor-element-ce979ac elementor-widget elementor-widget-image\" data-id=\"ce979ac\" data-element_type=\"widget\" data-e-type=\"widget\" data-widget_type=\"image.default\">\n\t\t\t\t\t\t\t\t\t\t\t\t\t\t\t<img decoding=\"async\" width=\"800\" height=\"533\" src=\"https:\/\/expo-finance.com\/wp-content\/uploads\/2026\/05\/1621627661-GettyImages-1316521044-1024x682-1.jpg\" class=\"attachment-large size-large wp-image-689\" alt=\"\" srcset=\"https:\/\/expo-finance.com\/wp-content\/uploads\/2026\/05\/1621627661-GettyImages-1316521044-1024x682-1.jpg 1024w, https:\/\/expo-finance.com\/wp-content\/uploads\/2026\/05\/1621627661-GettyImages-1316521044-1024x682-1-300x200.jpg 300w, https:\/\/expo-finance.com\/wp-content\/uploads\/2026\/05\/1621627661-GettyImages-1316521044-1024x682-1-768x512.jpg 768w\" sizes=\"(max-width: 800px) 100vw, 800px\" \/>\t\t\t\t\t\t\t\t\t\t\t\t\t\t\t<\/div>\n\t\t\t\t<div class=\"elementor-element elementor-element-429bc15 elementor-widget elementor-widget-text-editor\" data-id=\"429bc15\" data-element_type=\"widget\" data-e-type=\"widget\" data-widget_type=\"text-editor.default\">\n\t\t\t\t\t\t\t\t\t<div class=\"wpr-promo-box-image\"><div class=\"wpr-promo-box-bg-image wpr-bg-anim-zoom-in wpr-anim-timing-ease-default\">\u00a0<\/div><div class=\"wpr-promo-box-bg-overlay wpr-border-anim-jazz\"><strong>Persoonlijke lening &#8211; Voor uw dagelijkse behoeften<br \/><br \/><\/strong><\/div><\/div><div class=\"wpr-promo-box-content\"><div class=\"wpr-promo-box-description\"><p><span dir=\"auto\">Een tegenslag? Een onverwachte uitgave?\u00a0<\/span><strong><span dir=\"auto\">Een persoonlijke lening biedt een eenvoudige en snelle oplossing<\/span><\/strong><span dir=\"auto\">\u00a0, met bedragen die zijn afgestemd op uw behoeften, zonder ingewikkelde voorwaarden.<\/span><\/p><p><img decoding=\"async\" class=\"emoji\" role=\"img\" draggable=\"false\" src=\"https:\/\/s.w.org\/images\/core\/emoji\/16.0.1\/svg\/1f539.svg\" alt=\"\ud83d\udd39\" \/>\u00a0<strong><span dir=\"auto\">Beschikbaar bedrag: van \u20ac 5.000 tot \u20ac 200.000.\u00a0<\/span><\/strong><img decoding=\"async\" class=\"emoji\" role=\"img\" draggable=\"false\" src=\"https:\/\/s.w.org\/images\/core\/emoji\/16.0.1\/svg\/1f539.svg\" alt=\"\ud83d\udd39\" \/>\u00a0<strong><span dir=\"auto\">Terugbetalingstermijn: van 6 maanden tot 7 jaar.<\/span><\/strong>\u00a0<img decoding=\"async\" class=\"emoji\" role=\"img\" draggable=\"false\" src=\"https:\/\/s.w.org\/images\/core\/emoji\/16.0.1\/svg\/1f539.svg\" alt=\"\ud83d\udd39\" \/><span dir=\"auto\">\u00a0Voor wie is het? Iedereen, zelfs mensen die als wanbetaler geregistreerd staan.<\/span><\/p><\/div><\/div>\t\t\t\t\t\t\t\t<\/div>\n\t\t\t\t<\/div>\n\t\t<div class=\"elementor-element elementor-element-d4c35c6 e-con-full e-flex e-con e-child\" data-id=\"d4c35c6\" data-element_type=\"container\" data-e-type=\"container\">\n\t\t\t\t<div class=\"elementor-element elementor-element-762f0f7 elementor-widget elementor-widget-image\" data-id=\"762f0f7\" data-element_type=\"widget\" data-e-type=\"widget\" data-widget_type=\"image.default\">\n\t\t\t\t\t\t\t\t\t\t\t\t\t\t\t<img decoding=\"async\" width=\"800\" height=\"537\" src=\"https:\/\/expo-finance.com\/wp-content\/uploads\/2026\/05\/credit-auto-1024x687-1.jpg\" class=\"attachment-large size-large wp-image-690\" alt=\"\" srcset=\"https:\/\/expo-finance.com\/wp-content\/uploads\/2026\/05\/credit-auto-1024x687-1.jpg 1024w, https:\/\/expo-finance.com\/wp-content\/uploads\/2026\/05\/credit-auto-1024x687-1-300x201.jpg 300w, https:\/\/expo-finance.com\/wp-content\/uploads\/2026\/05\/credit-auto-1024x687-1-768x515.jpg 768w\" sizes=\"(max-width: 800px) 100vw, 800px\" \/>\t\t\t\t\t\t\t\t\t\t\t\t\t\t\t<\/div>\n\t\t\t\t<div class=\"elementor-element elementor-element-1b2a43e elementor-widget elementor-widget-text-editor\" data-id=\"1b2a43e\" data-element_type=\"widget\" data-e-type=\"widget\" data-widget_type=\"text-editor.default\">\n\t\t\t\t\t\t\t\t\t<p><strong>Autolening &#8211; Financier uw voertuig met volledige gemoedsrust.<br \/><\/strong><br \/>Of u nu een nieuwe of gebruikte auto koopt , of reparaties financiert, met autokrediet kunt u met een gerust hart handelen.<\/p><p>\ud83d\udd39Beschikbaar bedrag: tot \u20ac 850.000. \ud83d\udd39Terugbetalingstermijn: van 12 maanden tot 10 jaar. \ud83d\udd39 Voordelige tarieven voor elektrische en hybride voertuigen.<\/p><p>\u00a0<\/p>\t\t\t\t\t\t\t\t<\/div>\n\t\t\t\t<\/div>\n\t\t\t\t\t<\/div>\n\t\t\t\t<\/div>\n\t\t<div class=\"elementor-element elementor-element-307a693 e-flex e-con-boxed e-con e-parent\" data-id=\"307a693\" data-element_type=\"container\" data-e-type=\"container\">\n\t\t\t\t\t<div class=\"e-con-inner\">\n\t\t<div class=\"elementor-element elementor-element-d83bdf9 e-con-full e-flex e-con e-child\" data-id=\"d83bdf9\" data-element_type=\"container\" data-e-type=\"container\">\n\t\t\t\t<div class=\"elementor-element elementor-element-cae7b1b elementor-widget elementor-widget-image\" data-id=\"cae7b1b\" data-element_type=\"widget\" data-e-type=\"widget\" data-widget_type=\"image.default\">\n\t\t\t\t\t\t\t\t\t\t\t\t\t\t\t<img loading=\"lazy\" decoding=\"async\" width=\"800\" height=\"534\" src=\"https:\/\/expo-finance.com\/wp-content\/uploads\/2026\/05\/visuel-immobilier-meilleurs-obtenir.jpg-1024x683-1.webp\" class=\"attachment-large size-large wp-image-691\" alt=\"\" srcset=\"https:\/\/expo-finance.com\/wp-content\/uploads\/2026\/05\/visuel-immobilier-meilleurs-obtenir.jpg-1024x683-1.webp 1024w, https:\/\/expo-finance.com\/wp-content\/uploads\/2026\/05\/visuel-immobilier-meilleurs-obtenir.jpg-1024x683-1-300x200.webp 300w, https:\/\/expo-finance.com\/wp-content\/uploads\/2026\/05\/visuel-immobilier-meilleurs-obtenir.jpg-1024x683-1-768x512.webp 768w\" sizes=\"(max-width: 800px) 100vw, 800px\" \/>\t\t\t\t\t\t\t\t\t\t\t\t\t\t\t<\/div>\n\t\t\t\t<div class=\"elementor-element elementor-element-6fd29cf elementor-widget elementor-widget-text-editor\" data-id=\"6fd29cf\" data-element_type=\"widget\" data-e-type=\"widget\" data-widget_type=\"text-editor.default\">\n\t\t\t\t\t\t\t\t\t<p><strong>Hypotheek op onroerend goed &#8211; Gemakkelijke toegang tot onroerend goed<br \/><\/strong><br \/>Een eigen huis kopen of investeren in onroerend goed is nog nooit zo eenvoudig geweest. Met MUST FINANCE kunt u uw woning financieren met een lening op maat.<\/p><p>\ud83d\udd39 Soorten vastgoed die gefinancierd kunnen worden: Appartementen, huizen, beleggingspanden voor verhuur . \ud83d\udd39 Terugbetalingstermijn: Tot 25 jaar. \ud83d\udd39Concurrerende tarieven, afgestemd op uw profiel.<\/p>\t\t\t\t\t\t\t\t<\/div>\n\t\t\t\t<\/div>\n\t\t<div class=\"elementor-element elementor-element-b1c1e9e e-con-full e-flex e-con e-child\" data-id=\"b1c1e9e\" data-element_type=\"container\" data-e-type=\"container\">\n\t\t\t\t<div class=\"elementor-element elementor-element-bc5484c elementor-widget elementor-widget-image\" data-id=\"bc5484c\" data-element_type=\"widget\" data-e-type=\"widget\" data-widget_type=\"image.default\">\n\t\t\t\t\t\t\t\t\t\t\t\t\t\t\t<img loading=\"lazy\" decoding=\"async\" width=\"800\" height=\"534\" src=\"https:\/\/expo-finance.com\/wp-content\/uploads\/2026\/05\/contrat-credit-pro-_BD-1024x683-1.jpg\" class=\"attachment-large size-large wp-image-692\" alt=\"\" srcset=\"https:\/\/expo-finance.com\/wp-content\/uploads\/2026\/05\/contrat-credit-pro-_BD-1024x683-1.jpg 1024w, https:\/\/expo-finance.com\/wp-content\/uploads\/2026\/05\/contrat-credit-pro-_BD-1024x683-1-300x200.jpg 300w, https:\/\/expo-finance.com\/wp-content\/uploads\/2026\/05\/contrat-credit-pro-_BD-1024x683-1-768x512.jpg 768w\" sizes=\"(max-width: 800px) 100vw, 800px\" \/>\t\t\t\t\t\t\t\t\t\t\t\t\t\t\t<\/div>\n\t\t\t\t<div class=\"elementor-element elementor-element-fc581fd elementor-widget elementor-widget-text-editor\" data-id=\"fc581fd\" data-element_type=\"widget\" data-e-type=\"widget\" data-widget_type=\"text-editor.default\">\n\t\t\t\t\t\t\t\t\t<p><strong>Zakelijke lening &#8211; Ondersteuning en groei van uw bedrijf<br \/><\/strong><br \/>Ondernemers, freelancers, ambachtslieden of handelaren: wij ondersteunen u met onze zakelijke lening om uw bedrijf te versterken.<\/p><p>\ud83d\udd39 Beschikbaar bedrag: Tot \u20ac 300.000. \ud83d\udd39Doel: Aankoop van apparatuur, liquiditeit, ontwikkeling. \ud83d\udd39Vereenvoudigde procedure: Snelle toegang tot de middelen.<\/p>\t\t\t\t\t\t\t\t<\/div>\n\t\t\t\t<\/div>\n\t\t\t\t\t<\/div>\n\t\t\t\t<\/div>\n\t\t<div class=\"elementor-element elementor-element-fcaa00f e-flex e-con-boxed e-con e-parent\" data-id=\"fcaa00f\" data-element_type=\"container\" data-e-type=\"container\" data-settings=\"{&quot;background_background&quot;:&quot;classic&quot;}\">\n\t\t\t\t\t<div class=\"e-con-inner\">\n\t\t<div class=\"elementor-element elementor-element-f967152 e-con-full e-flex e-con e-child\" data-id=\"f967152\" data-element_type=\"container\" data-e-type=\"container\">\n\t\t\t\t<div class=\"elementor-element elementor-element-9089c01 elementor-widget elementor-widget-image\" data-id=\"9089c01\" data-element_type=\"widget\" data-e-type=\"widget\" data-widget_type=\"image.default\">\n\t\t\t\t\t\t\t\t\t\t\t\t\t\t\t<img loading=\"lazy\" decoding=\"async\" width=\"800\" height=\"534\" src=\"https:\/\/expo-finance.com\/wp-content\/uploads\/2026\/05\/164370824-Photoroom-1024x684-1.png\" class=\"attachment-large size-large wp-image-711\" alt=\"\" srcset=\"https:\/\/expo-finance.com\/wp-content\/uploads\/2026\/05\/164370824-Photoroom-1024x684-1.png 1024w, https:\/\/expo-finance.com\/wp-content\/uploads\/2026\/05\/164370824-Photoroom-1024x684-1-300x200.png 300w, https:\/\/expo-finance.com\/wp-content\/uploads\/2026\/05\/164370824-Photoroom-1024x684-1-768x513.png 768w\" sizes=\"(max-width: 800px) 100vw, 800px\" \/>\t\t\t\t\t\t\t\t\t\t\t\t\t\t\t<\/div>\n\t\t\t\t<\/div>\n\t\t<div class=\"elementor-element elementor-element-7ba832f e-con-full e-flex e-con e-child\" data-id=\"7ba832f\" data-element_type=\"container\" data-e-type=\"container\">\n\t\t\t\t<div class=\"elementor-element elementor-element-b6ed87c elementor-widget elementor-widget-heading\" data-id=\"b6ed87c\" data-element_type=\"widget\" data-e-type=\"widget\" data-widget_type=\"heading.default\">\n\t\t\t\t\t<h2 class=\"elementor-heading-title elementor-size-default\">Hoe werkt het?<\/h2>\t\t\t\t<\/div>\n\t\t\t\t<div class=\"elementor-element elementor-element-136c408 elementor-widget elementor-widget-text-editor\" data-id=\"136c408\" data-element_type=\"widget\" data-e-type=\"widget\" data-widget_type=\"text-editor.default\">\n\t\t\t\t\t\t\t\t\t<p>\ud83d\udccc1. Dien uw aanvraag online in \u2013 vul het formulier in enkele minuten in.<br \/>\ud83d\udccc2. Ontvang binnen 72 uur een reactie \u2013 wij verwerken uw aanvraag snel.<br \/>\ud83d\udccc3. Ontvang uw financiering \u2013 zodra uw aanvraag is goedgekeurd, wordt het geld zo snel mogelijk overgemaakt.<\/p>\t\t\t\t\t\t\t\t<\/div>\n\t\t\t\t<div class=\"elementor-element elementor-element-1466676 elementor-widget elementor-widget-button\" data-id=\"1466676\" data-element_type=\"widget\" data-e-type=\"widget\" data-widget_type=\"button.default\">\n\t\t\t\t\t\t\t\t\t\t<a class=\"elementor-button elementor-button-link elementor-size-sm\" href=\"#\">\n\t\t\t\t\t\t<span class=\"elementor-button-content-wrapper\">\n\t\t\t\t\t\t\t\t\t<span class=\"elementor-button-text\">Een lening verkrijgen<\/span>\n\t\t\t\t\t<\/span>\n\t\t\t\t\t<\/a>\n\t\t\t\t\t\t\t\t<\/div>\n\t\t\t\t<\/div>\n\t\t\t\t\t<\/div>\n\t\t\t\t<\/div>\n\t\t<div class=\"elementor-element elementor-element-6328f43 e-flex e-con-boxed e-con e-parent\" data-id=\"6328f43\" data-element_type=\"container\" data-e-type=\"container\">\n\t\t\t\t\t<div class=\"e-con-inner\">\n\t\t<div class=\"elementor-element elementor-element-88313b4 e-con-full e-flex e-con e-child\" data-id=\"88313b4\" data-element_type=\"container\" data-e-type=\"container\">\n\t\t\t\t<div class=\"elementor-element elementor-element-880e61b elementor-widget elementor-widget-heading\" data-id=\"880e61b\" data-element_type=\"widget\" data-e-type=\"widget\" data-widget_type=\"heading.default\">\n\t\t\t\t\t<h2 class=\"elementor-heading-title elementor-size-default\">Onze kerncompetenties<\/h2>\t\t\t\t<\/div>\n\t\t\t\t<div class=\"elementor-element elementor-element-f9cc6c4 elementor-widget elementor-widget-progress\" data-id=\"f9cc6c4\" data-element_type=\"widget\" data-e-type=\"widget\" data-widget_type=\"progress.default\">\n\t\t\t\t\t\t\t\t<span class=\"elementor-title\" id=\"elementor-progress-bar-f9cc6c4\">\n\t\t\t\tErvaring in financiering\t\t\t<\/span>\n\t\t\n\t\t<div aria-labelledby=\"elementor-progress-bar-f9cc6c4\" class=\"elementor-progress-wrapper\" role=\"progressbar\" aria-valuemin=\"0\" aria-valuemax=\"100\" aria-valuenow=\"98\">\n\t\t\t<div class=\"elementor-progress-bar\" data-max=\"98\">\n\t\t\t\t<span class=\"elementor-progress-text\"><\/span>\n\t\t\t\t\t\t\t\t\t<span class=\"elementor-progress-percentage\">98%<\/span>\n\t\t\t\t\t\t\t<\/div>\n\t\t<\/div>\n\t\t\t\t\t\t<\/div>\n\t\t\t\t<div class=\"elementor-element elementor-element-3060a69 elementor-widget elementor-widget-progress\" data-id=\"3060a69\" data-element_type=\"widget\" data-e-type=\"widget\" data-widget_type=\"progress.default\">\n\t\t\t\t\t\t\t\t<span class=\"elementor-title\" id=\"elementor-progress-bar-3060a69\">\n\t\t\t\tAnalyse en strategische aanpak\t\t\t<\/span>\n\t\t\n\t\t<div aria-labelledby=\"elementor-progress-bar-3060a69\" class=\"elementor-progress-wrapper\" role=\"progressbar\" aria-valuemin=\"0\" aria-valuemax=\"100\" aria-valuenow=\"95\">\n\t\t\t<div class=\"elementor-progress-bar\" data-max=\"95\">\n\t\t\t\t<span class=\"elementor-progress-text\"><\/span>\n\t\t\t\t\t\t\t\t\t<span class=\"elementor-progress-percentage\">95%<\/span>\n\t\t\t\t\t\t\t<\/div>\n\t\t<\/div>\n\t\t\t\t\t\t<\/div>\n\t\t\t\t<div class=\"elementor-element elementor-element-20c6e8c elementor-widget elementor-widget-progress\" data-id=\"20c6e8c\" data-element_type=\"widget\" data-e-type=\"widget\" data-widget_type=\"progress.default\">\n\t\t\t\t\t\t\t\t<span class=\"elementor-title\" id=\"elementor-progress-bar-20c6e8c\">\n\t\t\t\tUniversele toegankelijkheid\t\t\t<\/span>\n\t\t\n\t\t<div aria-labelledby=\"elementor-progress-bar-20c6e8c\" class=\"elementor-progress-wrapper\" role=\"progressbar\" aria-valuemin=\"0\" aria-valuemax=\"100\" aria-valuenow=\"95\">\n\t\t\t<div class=\"elementor-progress-bar\" data-max=\"95\">\n\t\t\t\t<span class=\"elementor-progress-text\"><\/span>\n\t\t\t\t\t\t\t\t\t<span class=\"elementor-progress-percentage\">95%<\/span>\n\t\t\t\t\t\t\t<\/div>\n\t\t<\/div>\n\t\t\t\t\t\t<\/div>\n\t\t\t\t<div class=\"elementor-element elementor-element-de086da elementor-widget elementor-widget-button\" data-id=\"de086da\" data-element_type=\"widget\" data-e-type=\"widget\" data-widget_type=\"button.default\">\n\t\t\t\t\t\t\t\t\t\t<a class=\"elementor-button elementor-button-link elementor-size-sm\" href=\"#\">\n\t\t\t\t\t\t<span class=\"elementor-button-content-wrapper\">\n\t\t\t\t\t\t\t\t\t<span class=\"elementor-button-text\">Leer Meer<\/span>\n\t\t\t\t\t<\/span>\n\t\t\t\t\t<\/a>\n\t\t\t\t\t\t\t\t<\/div>\n\t\t\t\t<\/div>\n\t\t<div class=\"elementor-element elementor-element-8f667d6 e-con-full e-flex e-con e-child\" data-id=\"8f667d6\" data-element_type=\"container\" data-e-type=\"container\">\n\t\t\t\t<div class=\"elementor-element elementor-element-3b318e0 elementor-widget elementor-widget-image\" data-id=\"3b318e0\" data-element_type=\"widget\" data-e-type=\"widget\" data-widget_type=\"image.default\">\n\t\t\t\t\t\t\t\t\t\t\t\t\t\t\t<img loading=\"lazy\" decoding=\"async\" width=\"800\" height=\"534\" src=\"https:\/\/expo-finance.com\/wp-content\/uploads\/2026\/05\/43152481_xxl-scaled-1-1024x683-1.jpg\" class=\"attachment-large size-large wp-image-715\" alt=\"\" srcset=\"https:\/\/expo-finance.com\/wp-content\/uploads\/2026\/05\/43152481_xxl-scaled-1-1024x683-1.jpg 1024w, https:\/\/expo-finance.com\/wp-content\/uploads\/2026\/05\/43152481_xxl-scaled-1-1024x683-1-300x200.jpg 300w, https:\/\/expo-finance.com\/wp-content\/uploads\/2026\/05\/43152481_xxl-scaled-1-1024x683-1-768x512.jpg 768w\" sizes=\"(max-width: 800px) 100vw, 800px\" \/>\t\t\t\t\t\t\t\t\t\t\t\t\t\t\t<\/div>\n\t\t\t\t<div class=\"elementor-element elementor-element-ea9afa8 elementor-widget elementor-widget-text-editor\" data-id=\"ea9afa8\" data-element_type=\"widget\" data-e-type=\"widget\" data-widget_type=\"text-editor.default\">\n\t\t\t\t\t\t\t\t\t<p>Dankzij haar jarenlange ervaring in de sector is EXPO FINANCE een expert in het aanbieden van gepersonaliseerde financi\u00eble oplossingen die aansluiten op elke behoefte. We beoordelen uw financi\u00eble wensen zorgvuldig om op basis van een grondige analyse en bewezen strategie\u00ebn opties op maat te kunnen bieden.<\/p>\t\t\t\t\t\t\t\t<\/div>\n\t\t\t\t<\/div>\n\t\t\t\t\t<\/div>\n\t\t\t\t<\/div>\n\t\t<div class=\"elementor-element elementor-element-b9c3a74 e-flex e-con-boxed e-con e-parent\" data-id=\"b9c3a74\" data-element_type=\"container\" data-e-type=\"container\" data-settings=\"{&quot;background_background&quot;:&quot;classic&quot;}\">\n\t\t\t\t\t<div class=\"e-con-inner\">\n\t\t<div class=\"elementor-element elementor-element-2bbc504 e-con-full e-flex e-con e-child\" data-id=\"2bbc504\" data-element_type=\"container\" data-e-type=\"container\">\n\t\t\t\t<div class=\"elementor-element elementor-element-6f7d695 elementor-widget elementor-widget-image\" data-id=\"6f7d695\" data-element_type=\"widget\" data-e-type=\"widget\" data-widget_type=\"image.default\">\n\t\t\t\t\t\t\t\t\t\t\t\t\t\t\t<img loading=\"lazy\" decoding=\"async\" width=\"800\" height=\"475\" src=\"https:\/\/expo-finance.com\/wp-content\/uploads\/2026\/05\/Como-ha-sido-la-evolucion-del-call-center-en-los-ultimos-10-anos-1024x608-1.webp\" class=\"attachment-large size-large wp-image-722\" alt=\"\" srcset=\"https:\/\/expo-finance.com\/wp-content\/uploads\/2026\/05\/Como-ha-sido-la-evolucion-del-call-center-en-los-ultimos-10-anos-1024x608-1.webp 1024w, https:\/\/expo-finance.com\/wp-content\/uploads\/2026\/05\/Como-ha-sido-la-evolucion-del-call-center-en-los-ultimos-10-anos-1024x608-1-300x178.webp 300w, https:\/\/expo-finance.com\/wp-content\/uploads\/2026\/05\/Como-ha-sido-la-evolucion-del-call-center-en-los-ultimos-10-anos-1024x608-1-768x456.webp 768w\" sizes=\"(max-width: 800px) 100vw, 800px\" \/>\t\t\t\t\t\t\t\t\t\t\t\t\t\t\t<\/div>\n\t\t\t\t<\/div>\n\t\t<div class=\"elementor-element elementor-element-c15788a e-con-full e-flex e-con e-child\" data-id=\"c15788a\" data-element_type=\"container\" data-e-type=\"container\">\n\t\t\t\t<div class=\"elementor-element elementor-element-2e9f89a elementor-widget elementor-widget-heading\" data-id=\"2e9f89a\" data-element_type=\"widget\" data-e-type=\"widget\" data-widget_type=\"heading.default\">\n\t\t\t\t\t<h2 class=\"elementor-heading-title elementor-size-default\">Wij beantwoorden uw vragen.<\/h2>\t\t\t\t<\/div>\n\t\t\t\t<div class=\"elementor-element elementor-element-5eaf553 elementor-widget elementor-widget-text-editor\" data-id=\"5eaf553\" data-element_type=\"widget\" data-e-type=\"widget\" data-widget_type=\"text-editor.default\">\n\t\t\t\t\t\t\t\t\t<p>Bij EXPO FINANCE is klantenservice meer dan alleen ondersteuning; het is een oprechte betrokkenheid bij u. Uw financiering verdient uitzonderlijke service! Word lid van EXPO FINANCE en ontdek klantenservice waarbij uw tevredenheid voorop staat.<\/p>\t\t\t\t\t\t\t\t<\/div>\n\t\t\t\t<div class=\"elementor-element elementor-element-f49dea0 elementor-widget elementor-widget-button\" data-id=\"f49dea0\" data-element_type=\"widget\" data-e-type=\"widget\" data-widget_type=\"button.default\">\n\t\t\t\t\t\t\t\t\t\t<a class=\"elementor-button elementor-button-link elementor-size-sm elementor-animation-pulse\" href=\"#\">\n\t\t\t\t\t\t<span class=\"elementor-button-content-wrapper\">\n\t\t\t\t\t\t\t\t\t<span class=\"elementor-button-text\">Neem contact met ons op<\/span>\n\t\t\t\t\t<\/span>\n\t\t\t\t\t<\/a>\n\t\t\t\t\t\t\t\t<\/div>\n\t\t\t\t<\/div>\n\t\t\t\t\t<\/div>\n\t\t\t\t<\/div>\n\t\t\t\t<\/div>\n\t\t","protected":false},"excerpt":{"rendered":"<p>ONZE CREDITS Oplossingen op maat, afgestemd op uw behoeften. Bij EXPO FINANCE bieden we flexibele leningen op maat voor elke financi\u00eble situatie. Of u nu een persoonlijk project wilt financieren, een woning wilt kopen of uw bedrijf wilt laten groeien, wij hebben de oplossing die u nodig heeft. Een lening verkrijgen Onze kredietvormen \u00a0Persoonlijke lening [&hellip;]<\/p>\n","protected":false},"author":1,"featured_media":0,"parent":0,"menu_order":0,"comment_status":"closed","ping_status":"closed","template":"elementor_header_footer","meta":{"footnotes":""},"class_list":["post-676","page","type-page","status-publish","hentry"],"_links":{"self":[{"href":"https:\/\/expo-finance.com\/index.php?rest_route=\/wp\/v2\/pages\/676","targetHints":{"allow":["GET"]}}],"collection":[{"href":"https:\/\/expo-finance.com\/index.php?rest_route=\/wp\/v2\/pages"}],"about":[{"href":"https:\/\/expo-finance.com\/index.php?rest_route=\/wp\/v2\/types\/page"}],"author":[{"embeddable":true,"href":"https:\/\/expo-finance.com\/index.php?rest_route=\/wp\/v2\/users\/1"}],"replies":[{"embeddable":true,"href":"https:\/\/expo-finance.com\/index.php?rest_route=%2Fwp%2Fv2%2Fcomments&post=676"}],"version-history":[{"count":43,"href":"https:\/\/expo-finance.com\/index.php?rest_route=\/wp\/v2\/pages\/676\/revisions"}],"predecessor-version":[{"id":728,"href":"https:\/\/expo-finance.com\/index.php?rest_route=\/wp\/v2\/pages\/676\/revisions\/728"}],"wp:attachment":[{"href":"https:\/\/expo-finance.com\/index.php?rest_route=%2Fwp%2Fv2%2Fmedia&parent=676"}],"curies":[{"name":"wp","href":"https:\/\/api.w.org\/{rel}","templated":true}]}}